{"id":389,"date":"2024-03-28T16:56:00","date_gmt":"2024-03-28T16:56:00","guid":{"rendered":"https:\/\/cuartocompacto.com\/?post_type=product&#038;p=389"},"modified":"2024-04-02T14:26:21","modified_gmt":"2024-04-02T14:26:21","slug":"buro-tocador-afrodita","status":"publish","type":"product","link":"https:\/\/cuartocompacto.com\/index.php\/product\/buro-tocador-afrodita\/","title":{"rendered":"Buro Tocador Afrodita"},"content":{"rendered":"<p>Este bur\u00f3 tocador multifuncional lo hemos dise\u00f1ado pensando en las mujeres. El incre\u00edble dise\u00f1o minimalista har\u00e1 que combine con todo. Te sorprender\u00e1s de todas las funciones que tiene. Cuenta con un espejo con luz c\u00e1lida y fr\u00eda para que te arregles mejor que nunca, podr\u00e1s cambiar de intensidad, cambiar de tipo de luz o combinarlas y esto solo tocando el espejo. Tiene un multi contacto integrado para que puedas conectar tu plancha de pelo, secadora e inclusive tu celular. Adem\u00e1s, podr\u00e1s sacar un silloncitopara estar c\u00f3moda mientras haces tu magia. \u00bfYa no tienes espacio para guardar tu maquillaje, brochas, skin care, etc? Est\u00e9 bur\u00f3 tocador tiene compartimientos para que lo tengas todo ordenado. Tambi\u00e9n cuenta con cajones para tus cosas y un caj\u00f3n secreto para que escondas lo que m\u00e1s aprecias. Maquillarte nunca fue tan f\u00e1cil y c\u00f3modo.<\/p>\n","protected":false},"excerpt":{"rendered":"<p><!DOCTYPE html><br \/>\n<html lang=\"es\"><br \/>\n<head><br \/>\n<meta charset=\"UTF-8\"><br \/>\n<title>Secci\u00f3n FAQ Simple<\/title><\/p>\n<style>\n  .faq-container {\n    max-width: 600px;\n    margin: 0 auto;\n  }\n  .question {\n    background-color: #f4f4f4;\n    padding: 10px;\n    margin-bottom: 5px;\n    cursor: pointer;\n  }\n  .answer {\n    display: none;\n    padding: 10px;\n    font-size: 80%;\n  }\n  .answer.visible {\n    display: block;\n  }\n<\/style>\n<p><\/head><br \/>\n<body><\/p>\n<div class=\"faq-container\">\n<div class=\"question\">\u00bfC\u00f3mo puedo limpiar el bur\u00f3?<\/div>\n<div class=\"answer\">Con un pa\u00f1uelo humedecido en agua y con jab\u00f3n l\u00edquido poco agresivo, evitar poner grandes cantidades de agua, ya que podr\u00eda perjudicar el aglomerado. Con un trapo seco, limpia los restos de agua. No utilices ceras ni aerosoles. Uno de los productos que mejor resultado da para limpiar los muebles de melamina son los limpiacristales o los antigrasa, ya que  no hacen que el mueble pierda brillo ni color.<\/div>\n<div class=\"question\">\u00bfLe puede dar el sol directamente?<\/div>\n<div class=\"answer\">No es recomendable, ya que el sol puede deteriorar el color del mueble.<\/div>\n<div class=\"question\">\u00bfSe puede mojar?<\/div>\n<div class=\"answer\">Resiste a ligeras salpicaduras o derrames de agua, siempre y cuando se limpie en ese momento. Debes de tener cuidado con no mojar el multicontacto que trae integrado para evitar un corto circuito.<\/div>\n<div class=\"question\">\u00bfPuedo colocar la plancha o secadora de pelo en el bur\u00f3?<\/div>\n<div class=\"answer\">Te recomendamos no colocarlos directamente en ninguna parte del bur\u00f3 para evitar que se queme o se da\u00f1e. Para eso incluimos una alfombrilla de silicona para que ah\u00ed las puedas poner.<\/div>\n<div class=\"question\">\u00bfTiene garant\u00eda?<\/div>\n<div class=\"answer\">Tiene una garant\u00eda de 30 d\u00edas por alg\u00fan desperfecto inicial u oculto, revisa nuestros <a href=\"https:\/\/cuartocompacto.com\/index.php\/privacy-policy\/\" target=\"_blank\" rel=\"noopener\" style=\"color: blue;\"> t\u00e9rminos y condiciones.<\/a>\n<\/div>\n<\/div>\n<p><script>\ndocument.addEventListener('DOMContentLoaded', () => {\n  document.querySelectorAll('.question').forEach(question => {\n    question.addEventListener('click', () => {\n      question.nextElementSibling.classList.toggle('visible');\n    });\n  });\n});\n<\/script><\/p>\n<p><\/body><br \/>\n<\/html><\/p>\n","protected":false},"featured_media":0,"comment_status":"closed","ping_status":"closed","template":"","meta":[],"product_cat":[15],"product_tag":[],"_links":{"self":[{"href":"https:\/\/cuartocompacto.com\/index.php\/wp-json\/wp\/v2\/product\/389"}],"collection":[{"href":"https:\/\/cuartocompacto.com\/index.php\/wp-json\/wp\/v2\/product"}],"about":[{"href":"https:\/\/cuartocompacto.com\/index.php\/wp-json\/wp\/v2\/types\/product"}],"replies":[{"embeddable":true,"href":"https:\/\/cuartocompacto.com\/index.php\/wp-json\/wp\/v2\/comments?post=389"}],"wp:attachment":[{"href":"https:\/\/cuartocompacto.com\/index.php\/wp-json\/wp\/v2\/media?parent=389"}],"wp:term":[{"taxonomy":"product_cat","embeddable":true,"href":"https:\/\/cuartocompacto.com\/index.php\/wp-json\/wp\/v2\/product_cat?post=389"},{"taxonomy":"product_tag","embeddable":true,"href":"https:\/\/cuartocompacto.com\/index.php\/wp-json\/wp\/v2\/product_tag?post=389"}],"curies":[{"name":"wp","href":"https:\/\/api.w.org\/{rel}","templated":true}]}}