{"id":391,"date":"2024-03-28T16:56:33","date_gmt":"2024-03-28T16:56:33","guid":{"rendered":"https:\/\/cuartocompacto.com\/?post_type=product&#038;p=391"},"modified":"2024-04-02T14:26:30","modified_gmt":"2024-04-02T14:26:30","slug":"mesa-extensible-zeus","status":"publish","type":"product","link":"https:\/\/cuartocompacto.com\/index.php\/product\/mesa-extensible-zeus\/","title":{"rendered":"Mesa Extensible Zeus"},"content":{"rendered":"<p>Nuestra mesa extensible es la combinaci\u00f3n perfecta entre funcionalidad y estilo. Con un dise\u00f1o elegante y dimensiones que se adaptan a espacios reducidos, esta mesa es ideal para aquellos que buscan maximizar su espacio sin sacrificar la est\u00e9tica. Podr\u00e1s transformarla seg\u00fan lo requieras, desde un escritorio o mueble de adorno, hasta una mesa de comedor de 12 personas. Esta mesa le dar\u00e1 versatilidad a tu casa y podr\u00e1s sacrificar tu espacio solo cuando tengas invitados o as\u00ed lo requieras, inclusive la podr\u00e1s tener como segunda mesa para cuando se ofrezca. Fabricada con materiales de alta calidad, f\u00e1cil de mover, es duradera y resistente al desgaste natural, asegurando que sea una adici\u00f3n valiosa a tu hogar.<span class=\"s2\">\u00a0<\/span>Simplifica tu vida y mejora tu entorno.<\/p>\n","protected":false},"excerpt":{"rendered":"<p><!DOCTYPE html><br \/>\n<html lang=\"es\"><br \/>\n<head><br \/>\n<meta charset=\"UTF-8\"><br \/>\n<title>Secci\u00f3n FAQ Simple<\/title><\/p>\n<style>\n  .faq-container {\n    max-width: 600px;\n    margin: 0 auto;\n  }\n  .question {\n    background-color: #f4f4f4;\n    padding: 10px;\n    margin-bottom: 5px;\n    cursor: pointer;\n  }\n  .answer {\n    display: none;\n    padding: 10px;\n    font-size: 80%;\n  }\n  .answer.visible {\n    display: block;\n  }\n<\/style>\n<p><\/head><br \/>\n<body><\/p>\n<div class=\"faq-container\">\n<div class=\"question\">\u00bfEs una mesa para exterior?<\/div>\n<div class=\"answer\">No, se puede usar un rato en el exterior, sin embargo fue creada para interiores.<\/div>\n<div class=\"question\">\u00bfD\u00f3nde puedo guardar las cubiertas cuando est\u00e9 cerrada?<\/div>\n<div class=\"answer\">Tenemos un guardacubiertas que es una <a href=\"https:\/\/cuartocompacto.com\/index.php\/product\/mesa-de-centro-eolo\/\" target=\"_blank\" rel=\"noopener\" style=\"color: blue;\">mesa de centro<\/a> en la cual podr\u00e1s guardar las cubiertas sin que se vean y aparte tener un mueble multifunional, b\u00fascalo en nuestros productos. Si no adquieres el guardar cubiertas, no te preocupes, las cubiertas son f\u00e1ciles de guardar como debajo del sill\u00f3n, debajo de la cama, en un armario, en una bodeguita de la casa. Solo recuerda tener cuidado con los broches para no rallar las cubiertas cuando las juntes para guardarlas.<\/div>\n<div class=\"question\">\u00bfNecesito que alguien me ayude a extender la mesa?<\/div>\n<div class=\"answer\">No, la mesa fue creada para que una sola persona la pueda mover y extender.<\/div>\n<div class=\"question\">\u00bfSe puede mojar?<\/div>\n<div class=\"answer\">Resiste a ligeras salpicaduras o derrames de agua, siempre y cuando se limpie en ese momento.<\/div>\n<div class=\"question\">\u00bfTiene garant\u00eda?<\/div>\n<div class=\"answer\">Tiene una garant\u00eda de 90 d\u00edas por alg\u00fan desperfecto inicial u oculto, revisa nuestros <a href=\"https:\/\/cuartocompacto.com\/index.php\/privacy-policy\/\" target=\"_blank\" rel=\"noopener\" style=\"color: blue;\"> t\u00e9rminos y condiciones.<\/a>\n<\/div>\n<\/div>\n<p><script>\ndocument.addEventListener('DOMContentLoaded', () => {\n  document.querySelectorAll('.question').forEach(question => {\n    question.addEventListener('click', () => {\n      question.nextElementSibling.classList.toggle('visible');\n    });\n  });\n});\n<\/script><\/p>\n<p><\/body><br \/>\n<\/html><\/p>\n","protected":false},"featured_media":0,"comment_status":"closed","ping_status":"closed","template":"","meta":[],"product_cat":[15],"product_tag":[],"_links":{"self":[{"href":"https:\/\/cuartocompacto.com\/index.php\/wp-json\/wp\/v2\/product\/391"}],"collection":[{"href":"https:\/\/cuartocompacto.com\/index.php\/wp-json\/wp\/v2\/product"}],"about":[{"href":"https:\/\/cuartocompacto.com\/index.php\/wp-json\/wp\/v2\/types\/product"}],"replies":[{"embeddable":true,"href":"https:\/\/cuartocompacto.com\/index.php\/wp-json\/wp\/v2\/comments?post=391"}],"wp:attachment":[{"href":"https:\/\/cuartocompacto.com\/index.php\/wp-json\/wp\/v2\/media?parent=391"}],"wp:term":[{"taxonomy":"product_cat","embeddable":true,"href":"https:\/\/cuartocompacto.com\/index.php\/wp-json\/wp\/v2\/product_cat?post=391"},{"taxonomy":"product_tag","embeddable":true,"href":"https:\/\/cuartocompacto.com\/index.php\/wp-json\/wp\/v2\/product_tag?post=391"}],"curies":[{"name":"wp","href":"https:\/\/api.w.org\/{rel}","templated":true}]}}