{"id":392,"date":"2024-03-28T16:56:49","date_gmt":"2024-03-28T16:56:49","guid":{"rendered":"https:\/\/cuartocompacto.com\/?post_type=product&#038;p=392"},"modified":"2024-04-02T14:26:38","modified_gmt":"2024-04-02T14:26:38","slug":"mesa-de-centro-eolo","status":"publish","type":"product","link":"https:\/\/cuartocompacto.com\/index.php\/product\/mesa-de-centro-eolo\/","title":{"rendered":"Mesa de centro Eolo"},"content":{"rendered":"<p>Esta mesa de centro es un complemento de nuestra mesa extensible, ya que en ella podr\u00e1s guardar las cubiertas que no est\u00e9s usando y sin que se vean. Su elegante dise\u00f1o y su brillo transformar\u00e1n tu sala y con su mesa elevable podr\u00e1s comer c\u00f3modamente mientras ves tu pel\u00edcula o deporte favorito. Tambi\u00e9n, al elevar la mesa, hay un compartimiento para guardar revistas, controles de TV o lo que gustes. Cuarto Compacto siempre cuida los detalles, por lo que la mesa elevable tiene un sistema hidr\u00e1ulico que permite subir y bajar la mesa sin que se azote. \u00bfYa la visualizaste en tu sala?<\/p>\n","protected":false},"excerpt":{"rendered":"<p><!DOCTYPE html><br \/>\n<html lang=\"es\"><br \/>\n<head><br \/>\n<meta charset=\"UTF-8\"><br \/>\n<title>Secci\u00f3n FAQ Simple<\/title><\/p>\n<style>\n  .faq-container {\n    max-width: 600px;\n    margin: 0 auto;\n  }\n  .question {\n    background-color: #f4f4f4;\n    padding: 10px;\n    margin-bottom: 5px;\n    cursor: pointer;\n  }\n  .answer {\n    display: none;\n    padding: 10px;\n    font-size: 80%;\n  }\n  .answer.visible {\n    display: block;\n  }\n<\/style>\n<p><\/head><br \/>\n<body><\/p>\n<div class=\"faq-container\">\n<div class=\"question\">\u00bfC\u00f3mo puedo limpiar la mesa de centro?<\/div>\n<div class=\"answer\">Primero quita el polvo con trapo de microfibra sin ejercer presi\u00f3n para no rallar la madera. Despu\u00e9s, limpia suavemente en c\u00edrculos con un pa\u00f1uelo humedecido en agua y con jab\u00f3n l\u00edquido poco agresivo, evitar poner grandes cantidades de agua, ya que podr\u00eda perjudicar la madera. Con un trapo seco, limpia los restos de agua. Aplica un producto del mercado de limpieza para muebles con barniz y tambi\u00e9n puedes aplicar cera especial para madera con barniz y con un trapo de algod\u00f3n y en sentido de las vetas para sacarle brillo y dejarlo como nuevo.<\/div>\n<div class=\"question\">\u00bfLa mesa de centro es un complemento de la mesa extensible?<\/div>\n<div class=\"answer\">S\u00ed, esta mesa fue creada para poder guardar las cubiertas de la mesa extensible y adem\u00e1s cuenta con otras funciones que se encuentran en la descripci\u00f3n.  Pr\u00f3ximamente tendremos nuevos modelos de mesas de centro multifuncionales sin que sean guarda cubiertas.<\/div>\n<div class=\"question\">\u00bfLe puede dar el sol directamente?<\/div>\n<div class=\"answer\">No es recomendable, ya que el sol puede deteriorar el color del mueble.<\/div>\n<div class=\"question\">\u00bfSe puede mojar?<\/div>\n<div class=\"answer\">Resiste a ligeras salpicaduras o ligeros derrames de agua, siempre y cuando se limpie en ese momento. Debes de tener cuidado y poner porta vasos para no manchar la madera con el agua.<\/div>\n<div class=\"question\">\u00bfTiene garant\u00eda?<\/div>\n<div class=\"answer\">Tiene una garant\u00eda de 90 d\u00edas por alg\u00fan desperfecto inicial u oculto, revisa nuestros <a href=\"https:\/\/cuartocompacto.com\/index.php\/privacy-policy\/\" target=\"_blank\" rel=\"noopener\" style=\"color: blue;\"> t\u00e9rminos y condiciones.<\/a>\n<\/div>\n<\/div>\n<p><script>\ndocument.addEventListener('DOMContentLoaded', () => {\n  document.querySelectorAll('.question').forEach(question => {\n    question.addEventListener('click', () => {\n      question.nextElementSibling.classList.toggle('visible');\n    });\n  });\n});\n<\/script><\/p>\n<p><\/body><br \/>\n<\/html><\/p>\n","protected":false},"featured_media":0,"comment_status":"closed","ping_status":"closed","template":"","meta":[],"product_cat":[15],"product_tag":[],"_links":{"self":[{"href":"https:\/\/cuartocompacto.com\/index.php\/wp-json\/wp\/v2\/product\/392"}],"collection":[{"href":"https:\/\/cuartocompacto.com\/index.php\/wp-json\/wp\/v2\/product"}],"about":[{"href":"https:\/\/cuartocompacto.com\/index.php\/wp-json\/wp\/v2\/types\/product"}],"replies":[{"embeddable":true,"href":"https:\/\/cuartocompacto.com\/index.php\/wp-json\/wp\/v2\/comments?post=392"}],"wp:attachment":[{"href":"https:\/\/cuartocompacto.com\/index.php\/wp-json\/wp\/v2\/media?parent=392"}],"wp:term":[{"taxonomy":"product_cat","embeddable":true,"href":"https:\/\/cuartocompacto.com\/index.php\/wp-json\/wp\/v2\/product_cat?post=392"},{"taxonomy":"product_tag","embeddable":true,"href":"https:\/\/cuartocompacto.com\/index.php\/wp-json\/wp\/v2\/product_tag?post=392"}],"curies":[{"name":"wp","href":"https:\/\/api.w.org\/{rel}","templated":true}]}}